{"id":2494,"date":"2015-03-23T00:03:47","date_gmt":"2015-03-22T22:03:47","guid":{"rendered":"http:\/\/www.esfaplastik.com\/?page_id=2494"},"modified":"2015-03-25T13:32:43","modified_gmt":"2015-03-25T11:32:43","slug":"ldpe-alcak-yogunluklu-polietilen","status":"publish","type":"page","link":"https:\/\/esfaplastik.com\/index.php\/pe-polietilen\/ldpe-alcak-yogunluklu-polietilen\/","title":{"rendered":"LDPE  Al\u00e7ak Yo\u011funluklu Polietilen"},"content":{"rendered":"<div id=\"g1-html-rotator-counter-1\" class=\"g1-html-rotator  g1-autoplay\" data-g1-rotate-items=\"1\" data-g1-timeout=\"3000\"><div class=\"g1-carousel-content\"><ul class=\"g1-carousel-items\">\n<li id=\"g1-carousel-item-counter-1\" class=\"g1-carousel-item \">\n<p><a href=\"https:\/\/esfaplastik.com\/wp-content\/uploads\/2014\/08\/6.png\"><img loading=\"lazy\" class=\"aligncenter size-thumbnail wp-image-2325\" src=\"https:\/\/esfaplastik.com\/wp-content\/uploads\/2014\/08\/6-150x150.png\" alt=\"6\" width=\"150\" height=\"150\" srcset=\"https:\/\/esfaplastik.com\/wp-content\/uploads\/2014\/08\/6-150x150.png 150w, https:\/\/esfaplastik.com\/wp-content\/uploads\/2014\/08\/6-55x55.png 55w\" sizes=\"(max-width: 150px) 100vw, 150px\" \/><\/a><\/p>\n<\/li>\n<li id=\"g1-carousel-item-counter-2\" class=\"g1-carousel-item \">\n<p><a href=\"https:\/\/esfaplastik.com\/wp-content\/uploads\/2014\/08\/3.png\"><img loading=\"lazy\" class=\"aligncenter size-thumbnail wp-image-2322\" src=\"https:\/\/esfaplastik.com\/wp-content\/uploads\/2014\/08\/3-150x150.png\" alt=\"3\" width=\"150\" height=\"150\" srcset=\"https:\/\/esfaplastik.com\/wp-content\/uploads\/2014\/08\/3-150x150.png 150w, https:\/\/esfaplastik.com\/wp-content\/uploads\/2014\/08\/3-55x55.png 55w\" sizes=\"(max-width: 150px) 100vw, 150px\" \/><\/a><\/p>\n<\/li>\n<\/ul><\/div><\/div>\n<div id=\"g1-box-counter-1\" class=\"g1-box g1-box--simple  g1-box--noicon\" ><div class=\"g1-box__inner\">\n<h2><strong>LDPE<\/strong>\u00a0Al\u00e7ak Yo\u011funluklu Polietilen<\/h2>\n<\/div><\/div>\n<div id=\"g1-box-counter-2\" class=\"g1-box g1-box--simple  g1-box--noicon\" ><div class=\"g1-box__inner\">\n<p><strong>KULLANILDI\u011eI ALANLAR<\/strong><\/p>\n<ul>\n<li><strong>Enjeksiyonluk :<\/strong>\u00a0Mutfak E\u015fyas\u0131, Kapak,\u00a0Masterbatch (Konsantre Boya)<\/li>\n<li><strong>Filmlik :\u00a0<\/strong>Shrink, Sera \u00d6rt\u00fcs\u00fc,\u00a0<span style=\"line-height: 1.5em;\">Naylon Torba, Ta\u015f\u0131ma \u00c7antalar\u0131, Ambalaj Filmleri,\u00a0<\/span>Pe\u00e7ete Torbas\u0131,\u00a0Y\u00fczey Kaplama,\u00a0Damlama Borusu,\u00a0Laminasyon<\/li>\n<\/ul>\n<\/div><\/div>\n","protected":false},"excerpt":{"rendered":"","protected":false},"author":10,"featured_media":0,"parent":2287,"menu_order":0,"comment_status":"closed","ping_status":"closed","template":"","meta":{"_mi_skip_tracking":false},"yoast_head":"<!-- This site is optimized with the Yoast SEO plugin v17.8 - https:\/\/yoast.com\/wordpress\/plugins\/seo\/ -->\n<meta name=\"description\" content=\"LDPE Al\u00e7ak Yo\u011funluklu Polietilen,Enjeksiyonluk : Mutfak E\u015fyas\u0131, Kapak, Masterbatch (Konsantre Boya),Shrink, Sera \u00d6rt\u00fcs\u00fc, Naylon Torba, Ta\u015f\u0131ma \u00c7antalar\u0131, Ambalaj Filmleri, Pe\u00e7ete\" \/>\n<meta name=\"robots\" content=\"index, follow, max-snippet:-1, max-image-preview:large, max-video-preview:-1\" \/>\n<link rel=\"canonical\" href=\"https:\/\/esfaplastik.com\/index.php\/pe-polietilen\/ldpe-alcak-yogunluklu-polietilen\/\" \/>\n<meta property=\"og:locale\" content=\"tr_TR\" \/>\n<meta property=\"og:type\" content=\"article\" \/>\n<meta property=\"og:title\" content=\"LDPE Al\u00e7ak Yo\u011funluklu Polietilen - Esfa Plastik\" \/>\n<meta property=\"og:description\" content=\"LDPE Al\u00e7ak Yo\u011funluklu Polietilen,Enjeksiyonluk : Mutfak E\u015fyas\u0131, Kapak, Masterbatch (Konsantre Boya),Shrink, Sera \u00d6rt\u00fcs\u00fc, Naylon Torba, Ta\u015f\u0131ma \u00c7antalar\u0131, Ambalaj Filmleri, Pe\u00e7ete\" \/>\n<meta property=\"og:url\" content=\"https:\/\/esfaplastik.com\/index.php\/pe-polietilen\/ldpe-alcak-yogunluklu-polietilen\/\" \/>\n<meta property=\"og:site_name\" content=\"Esfa Plastik\" \/>\n<meta property=\"article:modified_time\" content=\"2015-03-25T11:32:43+00:00\" \/>\n<meta property=\"og:image\" content=\"https:\/\/esfaplastik.com\/wp-content\/uploads\/2014\/08\/6-150x150.png\" \/>\n<script type=\"application\/ld+json\" class=\"yoast-schema-graph\">{\"@context\":\"https:\/\/schema.org\",\"@graph\":[{\"@type\":\"WebSite\",\"@id\":\"https:\/\/esfaplastik.com\/#website\",\"url\":\"https:\/\/esfaplastik.com\/\",\"name\":\"Esfa Plastik\",\"description\":\"Esfa Plastik\",\"potentialAction\":[{\"@type\":\"SearchAction\",\"target\":{\"@type\":\"EntryPoint\",\"urlTemplate\":\"https:\/\/esfaplastik.com\/?s={search_term_string}\"},\"query-input\":\"required name=search_term_string\"}],\"inLanguage\":\"tr\"},{\"@type\":\"ImageObject\",\"@id\":\"https:\/\/esfaplastik.com\/index.php\/pe-polietilen\/ldpe-alcak-yogunluklu-polietilen\/#primaryimage\",\"inLanguage\":\"tr\",\"url\":\"https:\/\/esfaplastik.com\/wp-content\/uploads\/2014\/08\/6.png\",\"contentUrl\":\"https:\/\/esfaplastik.com\/wp-content\/uploads\/2014\/08\/6.png\",\"width\":600,\"height\":536},{\"@type\":\"WebPage\",\"@id\":\"https:\/\/esfaplastik.com\/index.php\/pe-polietilen\/ldpe-alcak-yogunluklu-polietilen\/#webpage\",\"url\":\"https:\/\/esfaplastik.com\/index.php\/pe-polietilen\/ldpe-alcak-yogunluklu-polietilen\/\",\"name\":\"LDPE Al\\u00e7ak Yo\\u011funluklu Polietilen - Esfa Plastik\",\"isPartOf\":{\"@id\":\"https:\/\/esfaplastik.com\/#website\"},\"primaryImageOfPage\":{\"@id\":\"https:\/\/esfaplastik.com\/index.php\/pe-polietilen\/ldpe-alcak-yogunluklu-polietilen\/#primaryimage\"},\"datePublished\":\"2015-03-22T22:03:47+00:00\",\"dateModified\":\"2015-03-25T11:32:43+00:00\",\"description\":\"LDPE Al\\u00e7ak Yo\\u011funluklu Polietilen,Enjeksiyonluk : Mutfak E\\u015fyas\\u0131, Kapak, Masterbatch (Konsantre Boya),Shrink, Sera \\u00d6rt\\u00fcs\\u00fc, Naylon Torba, Ta\\u015f\\u0131ma \\u00c7antalar\\u0131, Ambalaj Filmleri, Pe\\u00e7ete\",\"breadcrumb\":{\"@id\":\"https:\/\/esfaplastik.com\/index.php\/pe-polietilen\/ldpe-alcak-yogunluklu-polietilen\/#breadcrumb\"},\"inLanguage\":\"tr\",\"potentialAction\":[{\"@type\":\"ReadAction\",\"target\":[\"https:\/\/esfaplastik.com\/index.php\/pe-polietilen\/ldpe-alcak-yogunluklu-polietilen\/\"]}]},{\"@type\":\"BreadcrumbList\",\"@id\":\"https:\/\/esfaplastik.com\/index.php\/pe-polietilen\/ldpe-alcak-yogunluklu-polietilen\/#breadcrumb\",\"itemListElement\":[{\"@type\":\"ListItem\",\"position\":1,\"name\":\"Ana Sayfa\",\"item\":\"https:\/\/esfaplastik.com\/\"},{\"@type\":\"ListItem\",\"position\":2,\"name\":\"PE &#8211; Polietilen\",\"item\":\"https:\/\/esfaplastik.com\/index.php\/pe-polietilen\/\"},{\"@type\":\"ListItem\",\"position\":3,\"name\":\"LDPE Al\\u00e7ak Yo\\u011funluklu Polietilen\"}]}]}<\/script>\n<!-- \/ Yoast SEO plugin. -->","yoast_head_json":{"description":"LDPE Al\u00e7ak Yo\u011funluklu Polietilen,Enjeksiyonluk : Mutfak E\u015fyas\u0131, Kapak, Masterbatch (Konsantre Boya),Shrink, Sera \u00d6rt\u00fcs\u00fc, Naylon Torba, Ta\u015f\u0131ma \u00c7antalar\u0131, Ambalaj Filmleri, Pe\u00e7ete","robots":{"index":"index","follow":"follow","max-snippet":"max-snippet:-1","max-image-preview":"max-image-preview:large","max-video-preview":"max-video-preview:-1"},"canonical":"https:\/\/esfaplastik.com\/index.php\/pe-polietilen\/ldpe-alcak-yogunluklu-polietilen\/","og_locale":"tr_TR","og_type":"article","og_title":"LDPE Al\u00e7ak Yo\u011funluklu Polietilen - Esfa Plastik","og_description":"LDPE Al\u00e7ak Yo\u011funluklu Polietilen,Enjeksiyonluk : Mutfak E\u015fyas\u0131, Kapak, Masterbatch (Konsantre Boya),Shrink, Sera \u00d6rt\u00fcs\u00fc, Naylon Torba, Ta\u015f\u0131ma \u00c7antalar\u0131, Ambalaj Filmleri, Pe\u00e7ete","og_url":"https:\/\/esfaplastik.com\/index.php\/pe-polietilen\/ldpe-alcak-yogunluklu-polietilen\/","og_site_name":"Esfa Plastik","article_modified_time":"2015-03-25T11:32:43+00:00","og_image":[{"url":"https:\/\/esfaplastik.com\/wp-content\/uploads\/2014\/08\/6-150x150.png"}],"schema":{"@context":"https:\/\/schema.org","@graph":[{"@type":"WebSite","@id":"https:\/\/esfaplastik.com\/#website","url":"https:\/\/esfaplastik.com\/","name":"Esfa Plastik","description":"Esfa Plastik","potentialAction":[{"@type":"SearchAction","target":{"@type":"EntryPoint","urlTemplate":"https:\/\/esfaplastik.com\/?s={search_term_string}"},"query-input":"required name=search_term_string"}],"inLanguage":"tr"},{"@type":"ImageObject","@id":"https:\/\/esfaplastik.com\/index.php\/pe-polietilen\/ldpe-alcak-yogunluklu-polietilen\/#primaryimage","inLanguage":"tr","url":"https:\/\/esfaplastik.com\/wp-content\/uploads\/2014\/08\/6.png","contentUrl":"https:\/\/esfaplastik.com\/wp-content\/uploads\/2014\/08\/6.png","width":600,"height":536},{"@type":"WebPage","@id":"https:\/\/esfaplastik.com\/index.php\/pe-polietilen\/ldpe-alcak-yogunluklu-polietilen\/#webpage","url":"https:\/\/esfaplastik.com\/index.php\/pe-polietilen\/ldpe-alcak-yogunluklu-polietilen\/","name":"LDPE Al\u00e7ak Yo\u011funluklu Polietilen - Esfa Plastik","isPartOf":{"@id":"https:\/\/esfaplastik.com\/#website"},"primaryImageOfPage":{"@id":"https:\/\/esfaplastik.com\/index.php\/pe-polietilen\/ldpe-alcak-yogunluklu-polietilen\/#primaryimage"},"datePublished":"2015-03-22T22:03:47+00:00","dateModified":"2015-03-25T11:32:43+00:00","description":"LDPE Al\u00e7ak Yo\u011funluklu Polietilen,Enjeksiyonluk : Mutfak E\u015fyas\u0131, Kapak, Masterbatch (Konsantre Boya),Shrink, Sera \u00d6rt\u00fcs\u00fc, Naylon Torba, Ta\u015f\u0131ma \u00c7antalar\u0131, Ambalaj Filmleri, Pe\u00e7ete","breadcrumb":{"@id":"https:\/\/esfaplastik.com\/index.php\/pe-polietilen\/ldpe-alcak-yogunluklu-polietilen\/#breadcrumb"},"inLanguage":"tr","potentialAction":[{"@type":"ReadAction","target":["https:\/\/esfaplastik.com\/index.php\/pe-polietilen\/ldpe-alcak-yogunluklu-polietilen\/"]}]},{"@type":"BreadcrumbList","@id":"https:\/\/esfaplastik.com\/index.php\/pe-polietilen\/ldpe-alcak-yogunluklu-polietilen\/#breadcrumb","itemListElement":[{"@type":"ListItem","position":1,"name":"Ana Sayfa","item":"https:\/\/esfaplastik.com\/"},{"@type":"ListItem","position":2,"name":"PE &#8211; Polietilen","item":"https:\/\/esfaplastik.com\/index.php\/pe-polietilen\/"},{"@type":"ListItem","position":3,"name":"LDPE Al\u00e7ak Yo\u011funluklu Polietilen"}]}]}},"_links":{"self":[{"href":"https:\/\/esfaplastik.com\/index.php\/wp-json\/wp\/v2\/pages\/2494"}],"collection":[{"href":"https:\/\/esfaplastik.com\/index.php\/wp-json\/wp\/v2\/pages"}],"about":[{"href":"https:\/\/esfaplastik.com\/index.php\/wp-json\/wp\/v2\/types\/page"}],"author":[{"embeddable":true,"href":"https:\/\/esfaplastik.com\/index.php\/wp-json\/wp\/v2\/users\/10"}],"replies":[{"embeddable":true,"href":"https:\/\/esfaplastik.com\/index.php\/wp-json\/wp\/v2\/comments?post=2494"}],"version-history":[{"count":6,"href":"https:\/\/esfaplastik.com\/index.php\/wp-json\/wp\/v2\/pages\/2494\/revisions"}],"predecessor-version":[{"id":2534,"href":"https:\/\/esfaplastik.com\/index.php\/wp-json\/wp\/v2\/pages\/2494\/revisions\/2534"}],"up":[{"embeddable":true,"href":"https:\/\/esfaplastik.com\/index.php\/wp-json\/wp\/v2\/pages\/2287"}],"wp:attachment":[{"href":"https:\/\/esfaplastik.com\/index.php\/wp-json\/wp\/v2\/media?parent=2494"}],"curies":[{"name":"wp","href":"https:\/\/api.w.org\/{rel}","templated":true}]}}